{"id":1211,"date":"2020-09-10T02:26:49","date_gmt":"2020-09-10T05:26:49","guid":{"rendered":"https:\/\/www.ediyporn.com\/loja\/"},"modified":"2021-08-20T10:52:30","modified_gmt":"2021-08-20T13:52:30","slug":"loja","status":"publish","type":"page","link":"https:\/\/www.ediyporn.com\/en\/loja\/","title":{"rendered":"Loja"},"content":{"rendered":"<h2>PLANOS DE ASSINATURA<br \/>\n(recurring credit card payment)<\/h2>\n<div class=\"woocommerce columns-3\"><ul class=\"products columns-3\">\n<li class=\"product type-product post-1720 status-publish first instock product_cat-assinatura has-post-thumbnail shipping-taxable purchasable product-type-subscription\">\n\t<a href=\"https:\/\/www.ediyporn.com\/en\/product\/assinatura-1-mes\/\" class=\"woocommerce-LoopProduct-link woocommerce-loop-product__link\"><img loading=\"lazy\" decoding=\"async\" width=\"400\" height=\"400\" src=\"https:\/\/www.ediyporn.com\/wp-content\/uploads\/2021\/08\/ass_1-400x400.jpg\" class=\"attachment-woocommerce_thumbnail size-woocommerce_thumbnail\" alt=\"ASSINATURA 1 M\u00caS\" srcset=\"https:\/\/www.ediyporn.com\/wp-content\/uploads\/2021\/08\/ass_1-400x400.jpg 400w, https:\/\/www.ediyporn.com\/wp-content\/uploads\/2021\/08\/ass_1-300x300.jpg 300w, https:\/\/www.ediyporn.com\/wp-content\/uploads\/2021\/08\/ass_1-12x12.jpg 12w, https:\/\/www.ediyporn.com\/wp-content\/uploads\/2021\/08\/ass_1-100x100.jpg 100w, https:\/\/www.ediyporn.com\/wp-content\/uploads\/2021\/08\/ass_1.jpg 424w\" sizes=\"auto, (max-width: 400px) 100vw, 400px\" \/><h2 class=\"woocommerce-loop-product__title\">ASSINATURA 1 M\u00caS<\/h2>\n\t<span class=\"price\"><span class=\"woocommerce-Price-amount amount\"><bdi><span class=\"woocommerce-Price-currencySymbol\">&#82;&#36;<\/span>25,00<\/bdi><\/span> <span class=\"subscription-details\"> \/ month<\/span><\/span>\n<\/a><a href=\"\/en\/wp-json\/wp\/v2\/pages\/1211?add-to-cart=1720\" aria-describedby=\"woocommerce_loop_add_to_cart_link_describedby_1720\" data-quantity=\"1\" class=\"button product_type_subscription add_to_cart_button ajax_add_to_cart\" data-product_id=\"1720\" data-product_sku=\"\" aria-label=\"Assinar: &ldquo;ASSINATURA 1 M\u00caS&rdquo;\" rel=\"nofollow\" data-success_message=\"\u201cASSINATURA 1 M\u00caS\u201d has been added to your cart\" data-no-translation-data-success_message=\"\">Join<\/a>\t<span id=\"woocommerce_loop_add_to_cart_link_describedby_1720\" class=\"screen-reader-text\">\n\t\t\t<\/span>\n<\/li>\n<li class=\"product type-product post-1721 status-publish instock product_cat-assinatura has-post-thumbnail shipping-taxable purchasable product-type-subscription\">\n\t<a href=\"https:\/\/www.ediyporn.com\/en\/product\/assinatura-3-meses\/\" class=\"woocommerce-LoopProduct-link woocommerce-loop-product__link\"><img loading=\"lazy\" decoding=\"async\" width=\"400\" height=\"400\" src=\"https:\/\/www.ediyporn.com\/wp-content\/uploads\/2021\/08\/ass_3-400x400.jpg\" class=\"attachment-woocommerce_thumbnail size-woocommerce_thumbnail\" alt=\"ASSINATURA 3 MESES\" srcset=\"https:\/\/www.ediyporn.com\/wp-content\/uploads\/2021\/08\/ass_3-400x400.jpg 400w, https:\/\/www.ediyporn.com\/wp-content\/uploads\/2021\/08\/ass_3-300x300.jpg 300w, https:\/\/www.ediyporn.com\/wp-content\/uploads\/2021\/08\/ass_3-12x12.jpg 12w, https:\/\/www.ediyporn.com\/wp-content\/uploads\/2021\/08\/ass_3-100x100.jpg 100w, https:\/\/www.ediyporn.com\/wp-content\/uploads\/2021\/08\/ass_3.jpg 424w\" sizes=\"auto, (max-width: 400px) 100vw, 400px\" \/><h2 class=\"woocommerce-loop-product__title\">ASSINATURA 3 MESES<\/h2>\n\t<span class=\"price\"><span class=\"woocommerce-Price-amount amount\"><bdi><span class=\"woocommerce-Price-currencySymbol\">&#82;&#36;<\/span>60,00<\/bdi><\/span> <span class=\"subscription-details\"> every 3 months<\/span><\/span>\n<\/a><a href=\"\/en\/wp-json\/wp\/v2\/pages\/1211?add-to-cart=1721\" aria-describedby=\"woocommerce_loop_add_to_cart_link_describedby_1721\" data-quantity=\"1\" class=\"button product_type_subscription add_to_cart_button ajax_add_to_cart\" data-product_id=\"1721\" data-product_sku=\"\" aria-label=\"Assinar: &ldquo;ASSINATURA 3 MESES&rdquo;\" rel=\"nofollow\" data-success_message=\"\u201cASSINATURA 3 MESES\u201d has been added to your cart\" data-no-translation-data-success_message=\"\">Join<\/a>\t<span id=\"woocommerce_loop_add_to_cart_link_describedby_1721\" class=\"screen-reader-text\">\n\t\t\t<\/span>\n<\/li>\n<li class=\"product type-product post-1722 status-publish last instock product_cat-assinatura has-post-thumbnail shipping-taxable purchasable product-type-subscription\">\n\t<a href=\"https:\/\/www.ediyporn.com\/en\/product\/assinatura-6-meses\/\" class=\"woocommerce-LoopProduct-link woocommerce-loop-product__link\"><img loading=\"lazy\" decoding=\"async\" width=\"400\" height=\"400\" src=\"https:\/\/www.ediyporn.com\/wp-content\/uploads\/2021\/08\/assi_6m-400x400.jpg\" class=\"attachment-woocommerce_thumbnail size-woocommerce_thumbnail\" alt=\"ASSINATURA 6 MESES\" srcset=\"https:\/\/www.ediyporn.com\/wp-content\/uploads\/2021\/08\/assi_6m-400x400.jpg 400w, https:\/\/www.ediyporn.com\/wp-content\/uploads\/2021\/08\/assi_6m-300x300.jpg 300w, https:\/\/www.ediyporn.com\/wp-content\/uploads\/2021\/08\/assi_6m-12x12.jpg 12w, https:\/\/www.ediyporn.com\/wp-content\/uploads\/2021\/08\/assi_6m-100x100.jpg 100w, https:\/\/www.ediyporn.com\/wp-content\/uploads\/2021\/08\/assi_6m.jpg 424w\" sizes=\"auto, (max-width: 400px) 100vw, 400px\" \/><h2 class=\"woocommerce-loop-product__title\">ASSINATURA 6 MESES<\/h2>\n\t<span class=\"price\"><span class=\"woocommerce-Price-amount amount\"><bdi><span class=\"woocommerce-Price-currencySymbol\">&#82;&#36;<\/span>100,00<\/bdi><\/span> <span class=\"subscription-details\"> every 6 months<\/span><\/span>\n<\/a><a href=\"\/en\/wp-json\/wp\/v2\/pages\/1211?add-to-cart=1722\" aria-describedby=\"woocommerce_loop_add_to_cart_link_describedby_1722\" data-quantity=\"1\" class=\"button product_type_subscription add_to_cart_button ajax_add_to_cart\" data-product_id=\"1722\" data-product_sku=\"\" aria-label=\"Assinar: &ldquo;ASSINATURA 6 MESES&rdquo;\" rel=\"nofollow\" data-success_message=\"\u201cASSINATURA 6 MESES\u201d has been added to your cart\" data-no-translation-data-success_message=\"\">Join<\/a>\t<span id=\"woocommerce_loop_add_to_cart_link_describedby_1722\" class=\"screen-reader-text\">\n\t\t\t<\/span>\n<\/li>\n<\/ul>\n<\/div>\n<p>&nbsp;<\/p>\n<p>&nbsp;<\/p>\n<h2>COMPRE ACESSO<br \/>\n(cart\u00e3o de cr\u00e9dito e boleto)<\/h2>\n<div class=\"woocommerce columns-3\"><ul class=\"products columns-3\">\n<li class=\"product type-product post-1759 status-publish first instock product_cat-acesso has-post-thumbnail virtual purchasable product-type-simple\">\n\t<a href=\"https:\/\/www.ediyporn.com\/en\/product\/acesso-por-1-mes\/\" class=\"woocommerce-LoopProduct-link woocommerce-loop-product__link\"><img loading=\"lazy\" decoding=\"async\" width=\"400\" height=\"400\" src=\"https:\/\/www.ediyporn.com\/wp-content\/uploads\/2021\/08\/acesso_1-400x400.jpg\" class=\"attachment-woocommerce_thumbnail size-woocommerce_thumbnail\" alt=\"Acesso por 1 m\u00eas\" srcset=\"https:\/\/www.ediyporn.com\/wp-content\/uploads\/2021\/08\/acesso_1-400x400.jpg 400w, https:\/\/www.ediyporn.com\/wp-content\/uploads\/2021\/08\/acesso_1-300x300.jpg 300w, https:\/\/www.ediyporn.com\/wp-content\/uploads\/2021\/08\/acesso_1-12x12.jpg 12w, https:\/\/www.ediyporn.com\/wp-content\/uploads\/2021\/08\/acesso_1-100x100.jpg 100w, https:\/\/www.ediyporn.com\/wp-content\/uploads\/2021\/08\/acesso_1.jpg 424w\" sizes=\"auto, (max-width: 400px) 100vw, 400px\" \/><h2 class=\"woocommerce-loop-product__title\">Acesso por 1 m\u00eas<\/h2>\n\t<span class=\"price\"><span class=\"woocommerce-Price-amount amount\"><bdi><span class=\"woocommerce-Price-currencySymbol\">&#82;&#36;<\/span>30,00<\/bdi><\/span> for 1 month<\/span>\n<\/a><a href=\"\/en\/wp-json\/wp\/v2\/pages\/1211?add-to-cart=1759\" aria-describedby=\"woocommerce_loop_add_to_cart_link_describedby_1759\" data-quantity=\"1\" class=\"button product_type_simple add_to_cart_button ajax_add_to_cart\" data-product_id=\"1759\" data-product_sku=\"\" aria-label=\"Add to cart: \u201cAcesso por 1 m\u00eas\u201d\" rel=\"nofollow\" data-success_message=\"\u201cAcesso por 1 m\u00eas\u201d has been added to your cart\" data-no-translation=\"\" data-trp-gettext=\"\" data-no-translation-aria-label=\"\" data-no-translation-data-success_message=\"\">Add to cart<\/a>\t<span id=\"woocommerce_loop_add_to_cart_link_describedby_1759\" class=\"screen-reader-text\">\n\t\t\t<\/span>\n<\/li>\n<li class=\"product type-product post-1761 status-publish instock product_cat-acesso has-post-thumbnail downloadable virtual purchasable product-type-simple\">\n\t<a href=\"https:\/\/www.ediyporn.com\/en\/product\/acesso-por-3-meses\/\" class=\"woocommerce-LoopProduct-link woocommerce-loop-product__link\"><img loading=\"lazy\" decoding=\"async\" width=\"400\" height=\"400\" src=\"https:\/\/www.ediyporn.com\/wp-content\/uploads\/2021\/08\/acesso_3-400x400.jpg\" class=\"attachment-woocommerce_thumbnail size-woocommerce_thumbnail\" alt=\"Acesso por 3 meses\" srcset=\"https:\/\/www.ediyporn.com\/wp-content\/uploads\/2021\/08\/acesso_3-400x400.jpg 400w, https:\/\/www.ediyporn.com\/wp-content\/uploads\/2021\/08\/acesso_3-300x300.jpg 300w, https:\/\/www.ediyporn.com\/wp-content\/uploads\/2021\/08\/acesso_3-12x12.jpg 12w, https:\/\/www.ediyporn.com\/wp-content\/uploads\/2021\/08\/acesso_3-100x100.jpg 100w, https:\/\/www.ediyporn.com\/wp-content\/uploads\/2021\/08\/acesso_3.jpg 424w\" sizes=\"auto, (max-width: 400px) 100vw, 400px\" \/><h2 class=\"woocommerce-loop-product__title\">Acesso por 3 meses<\/h2>\n\t<span class=\"price\"><span class=\"woocommerce-Price-amount amount\"><bdi><span class=\"woocommerce-Price-currencySymbol\">&#82;&#36;<\/span>65,00<\/bdi><\/span> for 3 months<\/span>\n<\/a><a href=\"\/en\/wp-json\/wp\/v2\/pages\/1211?add-to-cart=1761\" aria-describedby=\"woocommerce_loop_add_to_cart_link_describedby_1761\" data-quantity=\"1\" class=\"button product_type_simple add_to_cart_button ajax_add_to_cart\" data-product_id=\"1761\" data-product_sku=\"\" aria-label=\"Add to cart: \u201cAcesso por 3 meses\u201d\" rel=\"nofollow\" data-success_message=\"\u201cAcesso por 3 meses\u201d has been added to your cart\" data-no-translation=\"\" data-trp-gettext=\"\" data-no-translation-aria-label=\"\" data-no-translation-data-success_message=\"\">Add to cart<\/a>\t<span id=\"woocommerce_loop_add_to_cart_link_describedby_1761\" class=\"screen-reader-text\">\n\t\t\t<\/span>\n<\/li>\n<li class=\"product type-product post-1763 status-publish last instock product_cat-acesso has-post-thumbnail downloadable virtual purchasable product-type-simple\">\n\t<a href=\"https:\/\/www.ediyporn.com\/en\/product\/acesso-por-6-meses\/\" class=\"woocommerce-LoopProduct-link woocommerce-loop-product__link\"><img loading=\"lazy\" decoding=\"async\" width=\"400\" height=\"400\" src=\"https:\/\/www.ediyporn.com\/wp-content\/uploads\/2021\/08\/acesso_6-400x400.jpg\" class=\"attachment-woocommerce_thumbnail size-woocommerce_thumbnail\" alt=\"Acesso por 6 meses\" srcset=\"https:\/\/www.ediyporn.com\/wp-content\/uploads\/2021\/08\/acesso_6-400x400.jpg 400w, https:\/\/www.ediyporn.com\/wp-content\/uploads\/2021\/08\/acesso_6-300x300.jpg 300w, https:\/\/www.ediyporn.com\/wp-content\/uploads\/2021\/08\/acesso_6-12x12.jpg 12w, https:\/\/www.ediyporn.com\/wp-content\/uploads\/2021\/08\/acesso_6-100x100.jpg 100w, https:\/\/www.ediyporn.com\/wp-content\/uploads\/2021\/08\/acesso_6.jpg 424w\" sizes=\"auto, (max-width: 400px) 100vw, 400px\" \/><h2 class=\"woocommerce-loop-product__title\">Acesso por 6 meses<\/h2>\n\t<span class=\"price\"><span class=\"woocommerce-Price-amount amount\"><bdi><span class=\"woocommerce-Price-currencySymbol\">&#82;&#36;<\/span>105,00<\/bdi><\/span> for 6 months<\/span>\n<\/a><a href=\"\/en\/wp-json\/wp\/v2\/pages\/1211?add-to-cart=1763\" aria-describedby=\"woocommerce_loop_add_to_cart_link_describedby_1763\" data-quantity=\"1\" class=\"button product_type_simple add_to_cart_button ajax_add_to_cart\" data-product_id=\"1763\" data-product_sku=\"\" aria-label=\"Add to cart: \u201cAcesso por 6 meses\u201d\" rel=\"nofollow\" data-success_message=\"\u201cAcesso por 6 meses\u201d has been added to your cart\" data-no-translation=\"\" data-trp-gettext=\"\" data-no-translation-aria-label=\"\" data-no-translation-data-success_message=\"\">Add to cart<\/a>\t<span id=\"woocommerce_loop_add_to_cart_link_describedby_1763\" class=\"screen-reader-text\">\n\t\t\t<\/span>\n<\/li>\n<\/ul>\n<\/div>","protected":false},"excerpt":{"rendered":"<p>PLANOS DE ASSINATURA (pagamento recorrente em cart\u00e3o de cr\u00e9dito) &nbsp; &nbsp; COMPRE ACESSO (cart\u00e3o de cr\u00e9dito e boleto)<\/p>","protected":false},"author":1,"featured_media":0,"parent":0,"menu_order":0,"comment_status":"closed","ping_status":"closed","template":"","meta":{"_acf_changed":false,"_coblocks_attr":"","_coblocks_dimensions":"","_coblocks_responsive_height":"","_coblocks_accordion_ie_support":"","footnotes":""},"class_list":["post-1211","page","type-page","status-publish","hentry"],"acf":[],"_links":{"self":[{"href":"https:\/\/www.ediyporn.com\/en\/wp-json\/wp\/v2\/pages\/1211","targetHints":{"allow":["GET"]}}],"collection":[{"href":"https:\/\/www.ediyporn.com\/en\/wp-json\/wp\/v2\/pages"}],"about":[{"href":"https:\/\/www.ediyporn.com\/en\/wp-json\/wp\/v2\/types\/page"}],"author":[{"embeddable":true,"href":"https:\/\/www.ediyporn.com\/en\/wp-json\/wp\/v2\/users\/1"}],"replies":[{"embeddable":true,"href":"https:\/\/www.ediyporn.com\/en\/wp-json\/wp\/v2\/comments?post=1211"}],"version-history":[{"count":4,"href":"https:\/\/www.ediyporn.com\/en\/wp-json\/wp\/v2\/pages\/1211\/revisions"}],"predecessor-version":[{"id":1768,"href":"https:\/\/www.ediyporn.com\/en\/wp-json\/wp\/v2\/pages\/1211\/revisions\/1768"}],"wp:attachment":[{"href":"https:\/\/www.ediyporn.com\/en\/wp-json\/wp\/v2\/media?parent=1211"}],"curies":[{"name":"wp","href":"https:\/\/api.w.org\/{rel}","templated":true}]}}